{"id":6005,"date":"2022-04-08T15:30:12","date_gmt":"2022-04-08T13:30:12","guid":{"rendered":"https:\/\/calpe.pl\/monitor\/?page_id=6005"},"modified":"2022-04-08T15:44:42","modified_gmt":"2022-04-08T13:44:42","slug":"newsletter-oz","status":"publish","type":"page","link":"https:\/\/calpe.pl\/monitor\/index.php\/newsletter-oz\/","title":{"rendered":"Zapisz si\u0119 do newslettera Monitora Ochrony Zdrowia"},"content":{"rendered":"\n<p class=\"has-text-align-center\"><strong>Klauzula zgody na przes\u0142anie publikacji<\/strong><\/p>\n\n\n\n<p>Podaj\u0105c dane osobowe i klikaj\u0105c \u201czapisz si\u0119\u201d, wyra\u017cam zgod\u0119 na kierowanie do mnie przez Roche Polska Sp. z o.o. (\u201cRoche\u201d) we wsp\u00f3\u0142pracy z partnerami, w tym Roche Diagnostics Polska Sp. z o.o., publikacji &#8220;Health Management&#8221; oraz \u201cMonitor Finansowania Ochrony Zdrowia\u201d informuj\u0105ce o aktualnych wydarzeniach w polskim systemie opieki zdrowotnej.<\/p>\n\n\n<p><!-- \/wp:post-content --><\/p>\n<div class=\"tnp tnp-subscription\">\n<form method=\"post\" action=\"https:\/\/calpe.pl\/monitor\/?na=s\">\n\n<input type=\"hidden\" name=\"nlang\" value=\"\"><div class=\"tnp-field tnp-field-firstname\"><label for=\"tnp-1\">Imi\u0119<\/label>\n<input class=\"tnp-name\" type=\"text\" name=\"nn\" id=\"tnp-1\" value=\"\" required><\/div>\n<div class=\"tnp-field tnp-field-surname\"><label for=\"tnp-2\">Nazwisko<\/label>\n<input class=\"tnp-surname\" type=\"text\" name=\"ns\" id=\"tnp-2\" value=\"\" required><\/div><div class=\"tnp-field tnp-field-email\"><label for=\"tnp-3\">Adres e-mail<\/label>\n<input class=\"tnp-email\" type=\"email\" name=\"ne\" id=\"tnp-3\" value=\"\" required><\/div>\n<div class=\"tnp-field tnp-field-button\"><input class=\"tnp-submit\" type=\"submit\" value=\"Zapisz si\u0119\" >\n<\/div>\n<\/form>\n<\/div>\n\n<p><!-- \/wp:paragraph --><\/p>\n<p><!-- wp:paragraph --><\/p>\n<p>\u00a0<\/p>\n<p>\u00a0<\/p>\n<p>Administratorem Pani\/Pana danych osobowych jest Roche Polska Sp. z o.o. z siedzib\u0105 w Warszawie przy ul. Domaniewskiej 39B, kod pocztowy 02-672, tel: 22 345 18 88 (\u201eRoche\u201d).<\/p>\n<p><!-- \/wp:paragraph --><\/p>\n<p><!-- wp:paragraph --><\/p>\n<p>Wyra\u017cenie zgody jest dobrowolne. Je\u017celi nie zdecyduj\u0105 si\u0119 Pa\u0144stwo na wyra\u017cenie zgody, nie b\u0119dziemy mogli zrealizowa\u0107 cel\u00f3w, o kt\u00f3rych mowa poni\u017cej.<\/p>\n<p><!-- \/wp:paragraph --><\/p>\n<p><!-- wp:paragraph --><\/p>\n<p>Pani\/Pana dane b\u0119d\u0105 przetwarzane w celu przesy\u0142ania przez Roche, we wsp\u00f3\u0142pracy z partnerami, publikacji &#8220;Health Management&#8221; oraz \u201cMonitor Finansowania Ochrony Zdrowia\u201d informuj\u0105cych o aktualnych wydarzeniach w polskim systemie opieki zdrowotnej oraz zbieranie informacji zwrotnej na temat jako\u015bci zamieszczanych w tych publikacjach tre\u015bci.<\/p>\n<p><!-- \/wp:paragraph --><\/p>\n<p><!-- wp:paragraph --><\/p>\n<p>Podstawa prawna: prawnie uzasadniony interes administratora: art. 6 ust. 1 lit. f Rozporz\u0105dzenia Parlamentu Europejskiego i Rady (UE) 2016\/679 z dnia 27 kwietnia 2016 r. w sprawie ochrony os\u00f3b fizycznych w zwi\u0105zku z przetwarzaniem danych osobowych i w sprawie swobodnego przep\u0142ywu takich danych oraz uchylenia dyrektywy 95\/46\/WE (\u201eRODO\u201d) polegaj\u0105cy na nawi\u0105zywaniu i utrzymywaniu relacji biznesowych, w tym informowaniu partner\u00f3w o realizowanych przedsi\u0119wzi\u0119ciach.<\/p>\n<p><!-- \/wp:paragraph --><\/p>\n<p><!-- wp:paragraph --><\/p>\n<p>Pani\/Pana dane b\u0119d\u0105 przechowywane do czasu wniesienia ewentualnego sprzeciwu wobec przetwarzania Pani\/Pana danych osobowych lub wycofania zgody na kontakt przy wykorzystaniu poczty elektronicznej.<\/p>\n<p><!-- \/wp:paragraph --><\/p>\n<p><!-- wp:paragraph --><\/p>\n<p>Odbiorcami Pa\u0144stwa danych osobowych mog\u0105 by\u0107 inne podmioty z Grupy Roche, w szczeg\u00f3lno\u015bci Roche Diagnostics Polska sp. z o.o. oraz podmioty trzecie, kt\u00f3re dostarczaj\u0105 Roche towary i us\u0142ugi, w tym: dostawcy technologii informatycznych (w celach zwi\u0105zanych z rozwojem systemu i wsparciem technicznym); audytorzy i konsultanci (w celu sprawdzenia zgodno\u015bci z zewn\u0119trznymi i wewn\u0119trznymi wymogami) banki, firmy kurierskie, operatorzy pocztowi oraz doradcy prawni. W przypadku przekazywania danych w ramach Grupy Roche, transfer danych zabezpieczony jest umowami zawieraj\u0105cymi standardowe klauzule umowne zatwierdzone przez Komisj\u0119 Europejsk\u0105 oraz \u2013 w stosownych przypadkach &#8211; dodatkowymi zabezpieczami obejmuj\u0105cymi m.in szyfrowanie danych.<\/p>\n<p><!-- \/wp:paragraph --><\/p>\n<p><!-- wp:paragraph --><\/p>\n<p>Ma Pani\/Pan prawo \u017c\u0105dania dost\u0119pu do tre\u015bci swoich danych, ich sprostowania, usuni\u0119cia, ograniczenia przetwarzania, prawo do przenoszenia danych oraz prawo wniesienia sprzeciwu wobec ich przetwarzania. Ma Pani\/Pan prawo do wniesienia skargi do organu nadzorczego, kt\u00f3rym jest Prezes Urz\u0119du Ochrony Danych Osobowych. W przypadku jakichkolwiek pyta\u0144, w\u0105tpliwo\u015bci lub za\u017cale\u0144 dotycz\u0105cych sposobu przetwarzania danych mo\u017ce Pani\/Pan skontaktowa\u0107 si\u0119 z Inspektorem Ochrony Danych przesy\u0142aj\u0105c wiadomo\u015b\u0107 na adres: ochrona.danych@roche.com.<\/p>\n<p><!-- \/wp:paragraph --><\/p>","protected":false},"excerpt":{"rendered":"<p>Klauzula zgody na przes\u0142anie publikacji Podaj\u0105c dane osobowe i klikaj\u0105c \u201czapisz si\u0119\u201d, wyra\u017cam zgod\u0119 na kierowanie do mnie przez Roche Polska Sp. z o.o. (\u201cRoche\u201d) we wsp\u00f3\u0142pracy z partnerami, w tym Roche Diagnostics Polska Sp. z o.o., publikacji &#8220;Health Management&#8221; oraz \u201cMonitor Finansowania Ochrony Zdrowia\u201d informuj\u0105ce o aktualnych wydarzeniach w polskim systemie opieki zdrowotnej. \u00a0 [&hellip;]<\/p>\n","protected":false},"author":1,"featured_media":0,"parent":0,"menu_order":0,"comment_status":"closed","ping_status":"closed","template":"elementor_theme","meta":{"footnotes":""},"class_list":["post-6005","page","type-page","status-publish","hentry"],"acf":[],"_links":{"self":[{"href":"https:\/\/calpe.pl\/monitor\/index.php\/wp-json\/wp\/v2\/pages\/6005","targetHints":{"allow":["GET"]}}],"collection":[{"href":"https:\/\/calpe.pl\/monitor\/index.php\/wp-json\/wp\/v2\/pages"}],"about":[{"href":"https:\/\/calpe.pl\/monitor\/index.php\/wp-json\/wp\/v2\/types\/page"}],"author":[{"embeddable":true,"href":"https:\/\/calpe.pl\/monitor\/index.php\/wp-json\/wp\/v2\/users\/1"}],"replies":[{"embeddable":true,"href":"https:\/\/calpe.pl\/monitor\/index.php\/wp-json\/wp\/v2\/comments?post=6005"}],"version-history":[{"count":17,"href":"https:\/\/calpe.pl\/monitor\/index.php\/wp-json\/wp\/v2\/pages\/6005\/revisions"}],"predecessor-version":[{"id":6024,"href":"https:\/\/calpe.pl\/monitor\/index.php\/wp-json\/wp\/v2\/pages\/6005\/revisions\/6024"}],"wp:attachment":[{"href":"https:\/\/calpe.pl\/monitor\/index.php\/wp-json\/wp\/v2\/media?parent=6005"}],"curies":[{"name":"wp","href":"https:\/\/api.w.org\/{rel}","templated":true}]}}